{"id":21849,"date":"2024-07-25T11:47:39","date_gmt":"2024-07-25T11:47:39","guid":{"rendered":"https:\/\/proficircle.com\/?page_id=21849"},"modified":"2024-07-25T11:49:37","modified_gmt":"2024-07-25T11:49:37","slug":"knowledge-base","status":"publish","type":"page","link":"https:\/\/www.laytech.ai\/fr\/knowledge-base\/","title":{"rendered":"Foire aux questions"},"content":{"rendered":"<div data-elementor-type=\"wp-page\" data-elementor-id=\"21849\" class=\"elementor elementor-21849\">\n\t\t\t\t\t\t<section class=\"elementor-section elementor-top-section elementor-element elementor-element-c02bf56 ot-traditional elementor-section-boxed elementor-section-height-default elementor-section-height-default\" data-id=\"c02bf56\" data-element_type=\"section\">\n\t\t\t\t\t\t<div class=\"elementor-container elementor-column-gap-default\">\n\t\t\t\t\t<div class=\"elementor-column elementor-col-100 elementor-top-column elementor-element elementor-element-24a08dc ot-flex-column-vertical\" data-id=\"24a08dc\" data-element_type=\"column\">\n\t\t\t<div class=\"elementor-widget-wrap elementor-element-populated\">\n\t\t\t\t\t\t<div class=\"elementor-element elementor-element-b0be994 elementor-widget elementor-widget-heading\" data-id=\"b0be994\" data-element_type=\"widget\" data-widget_type=\"heading.default\">\n\t\t\t\t<div class=\"elementor-widget-container\">\n\t\t\t<h1 class=\"elementor-heading-title elementor-size-default\">Foire aux questions<\/h1>\t\t<\/div>\n\t\t\t\t<\/div>\n\t\t\t\t\t<\/div>\n\t\t<\/div>\n\t\t\t\t\t<\/div>\n\t\t<\/section>\n\t\t\t\t<section class=\"elementor-section elementor-top-section elementor-element elementor-element-2b012e3 ot-traditional elementor-section-boxed elementor-section-height-default elementor-section-height-default\" data-id=\"2b012e3\" data-element_type=\"section\" data-settings=\"{&quot;background_background&quot;:&quot;classic&quot;}\">\n\t\t\t\t\t\t<div class=\"elementor-container elementor-column-gap-default\">\n\t\t\t\t\t<div class=\"elementor-column elementor-col-100 elementor-top-column elementor-element elementor-element-5010db5 ot-flex-column-vertical\" data-id=\"5010db5\" data-element_type=\"column\">\n\t\t\t<div class=\"elementor-widget-wrap elementor-element-populated\">\n\t\t\t\t\t\t<div class=\"elementor-element elementor-element-d336f15 elementor-widget__width-initial elementor-widget elementor-widget-iaccordions\" data-id=\"d336f15\" data-element_type=\"widget\" data-widget_type=\"iaccordions.default\">\n\t\t\t\t<div class=\"elementor-widget-container\">\n\t\t\t\r\n\t\t<div class=\"ot-accordions\">\r\n\t\t\t\t\t\t<div class=\"acc-item\">\r\n\t\t\t\t<span class=\"acc-toggle\" data-default=\"yes\">Pourquoi ai-je besoin d'une ench\u00e8re si je veux des prix tr\u00e8s rapides ? <i class=\"down fas fa-caret-down\"><\/i><i class=\"up fas fa-caret-up\"><\/i><\/span>\r\n\t\t\t\t<div class=\"acc-content\">\r\n\t\t\t\t\t<p><span style=\"font-weight: 400;\">L\u2019ench\u00e8re est cr\u00e9\u00e9e pour obtenir le prix le plus bas possible pour certaines demandes.\nEn profitant de l\u2019ench\u00e8re, l'acheteur peut acc\u00e9der \u00e0 des solutions de stockage \u00e0 un co\u00fbt inf\u00e9rieur de 15 % en moyenne \u00e0 celui qu'il obtiendrait sans ench\u00e8re.\nLa diff\u00e9rence entre les prix \u00ab avec ench\u00e8re \u00bb et \u00ab sans ench\u00e8re \u00bb est de 2 \u00e0 3 jours.\nSi l'acheteur d\u00e9clare explicitement qu'il ne souhaite pas profiter de l'ench\u00e8re, Proficircle peut fournir une offre de prix sur la base du premier arriv\u00e9, premier servi.\u00a0<\/span><\/p>\t\t\t\t<\/div>\r\n\t\t\t<\/div>\r\n\t\t\t\t\t\t<div class=\"acc-item\">\r\n\t\t\t\t<span class=\"acc-toggle\" data-default=\"\">Les fournisseurs voient-ils les offres des autres ? <i class=\"down fas fa-caret-down\"><\/i><i class=\"up fas fa-caret-up\"><\/i><\/span>\r\n\t\t\t\t<div class=\"acc-content\">\r\n\t\t\t\t\t<p><span style=\"font-weight: 400;\">Tous les fournisseurs voient l'offre la plus basse en temps r\u00e9el sur les projets auxquels ils participent.\nEn moyenne, au cours de l'ench\u00e8re, les vendeurs s'affrontent 5 fois et r\u00e9duisent le prix jusqu'\u00e0 15 %.<\/span><\/p>\t\t\t\t<\/div>\r\n\t\t\t<\/div>\r\n\t\t\t\t\t\t<div class=\"acc-item\">\r\n\t\t\t\t<span class=\"acc-toggle\" data-default=\"\">Quel est le d\u00e9lai de livraison ? <i class=\"down fas fa-caret-down\"><\/i><i class=\"up fas fa-caret-up\"><\/i><\/span>\r\n\t\t\t\t<div class=\"acc-content\">\r\n\t\t\t\t\t<p class=\" translation-block\">Proficircle vous permet de d\u00e9cider du d\u00e9lai de livraison d'un projet.\nCela nous donne une id\u00e9e des fournisseurs qui devraient \u00eatre invit\u00e9s \u00e0 soumissionner pour votre projet. L'ench\u00e8re permet aux acheteurs de comparer les prix et les d\u00e9lais de livraison et de s'adresser directement aux vendeurs pour demander des conditions diff\u00e9rentes.<\/p>\t\t\t\t<\/div>\r\n\t\t\t<\/div>\r\n\t\t\t\t\t\t<div class=\"acc-item\">\r\n\t\t\t\t<span class=\"acc-toggle\" data-default=\"\">Proficircle est-il un revendeur ? <i class=\"down fas fa-caret-down\"><\/i><i class=\"up fas fa-caret-up\"><\/i><\/span>\r\n\t\t\t\t<div class=\"acc-content\">\r\n\t\t\t\t\t<p class=\" translation-block\">Proficircle est la plus grande plateforme d'achat de mat\u00e9riel d'entreposage et de vente au d\u00e9tail.\nProficircle ne repr\u00e9sente pas exclusivement un producteur ou un revendeur.\nProficircle est une plateforme num\u00e9rique pour les fournisseurs locaux et internationaux d'\u00e9quipements pour le commerce de d\u00e9tail, la logistique et la manutention.<\/p>\t\t\t\t<\/div>\r\n\t\t\t<\/div>\r\n\t\t\t\t\t\t<div class=\"acc-item\">\r\n\t\t\t\t<span class=\"acc-toggle\" data-default=\"\">Qui est le vendeur si je fais une demande via votre plateforme ? <i class=\"down fas fa-caret-down\"><\/i><i class=\"up fas fa-caret-up\"><\/i><\/span>\r\n\t\t\t\t<div class=\"acc-content\">\r\n\t\t\t\t\t<p><span style=\"font-weight: 400;\">Le vendeur est le gagnant de l'ench\u00e8re que vous choisissez parmi 3 \u00e0 5 offres qui sont affich\u00e9es sur le tableau comparatif. <\/span><\/p>\t\t\t\t<\/div>\r\n\t\t\t<\/div>\r\n\t\t\t\t\t\t<div class=\"acc-item\">\r\n\t\t\t\t<span class=\"acc-toggle\" data-default=\"\">Puis-je parler aux fournisseurs une fois que j'ai vu les prix ? <i class=\"down fas fa-caret-down\"><\/i><i class=\"up fas fa-caret-up\"><\/i><\/span>\r\n\t\t\t\t<div class=\"acc-content\">\r\n\t\t\t\t\t<p class=\" translation-block\">Oui, les acheteurs peuvent parler \u00e0 tous les fournisseurs une fois qu'ils ont re\u00e7u un devis de leur part.\nNous encourageons la transparence et permettons aux acheteurs de poser \u00e0 chaque vendeur toutes les questions relatives \u00e0 son offre.<\/p>\t\t\t\t<\/div>\r\n\t\t\t<\/div>\r\n\t\t\t\t\t\t<div class=\"acc-item\">\r\n\t\t\t\t<span class=\"acc-toggle\" data-default=\"\">Qu'est-ce qu'une ench\u00e8re ? <i class=\"down fas fa-caret-down\"><\/i><i class=\"up fas fa-caret-up\"><\/i><\/span>\r\n\t\t\t\t<div class=\"acc-content\">\r\n\t\t\t\t\t<p><span style=\"font-weight: 400;\">C'est l'un des avantages de la plateforme.\nProficircle utilise les ench\u00e8res pour encourager la comp\u00e9titivit\u00e9 entre les fournisseurs qui sont pr\u00eats \u00e0 proposer un prix.\nIls disposent d'un temps limit\u00e9 pour ench\u00e9rir les uns contre les autres tout en diminuant le prix de 15 % en moyenne.\nLes 3 \u00e0 5 meilleurs prix sont ensuite pr\u00e9sent\u00e9s \u00e0 l'acheteur. <\/span><\/p>\t\t\t\t<\/div>\r\n\t\t\t<\/div>\r\n\t\t\t\t\t\t<div class=\"acc-item\">\r\n\t\t\t\t<span class=\"acc-toggle\" data-default=\"\">Qu'est-ce qu'un tableau comparatif ? <i class=\"down fas fa-caret-down\"><\/i><i class=\"up fas fa-caret-up\"><\/i><\/span>\r\n\t\t\t\t<div class=\"acc-content\">\r\n\t\t\t\t\t<p><span style=\"font-weight: 400;\">Un tableau comparatif est l'endroit o\u00f9 toutes les offres sont affich\u00e9es.\nLe tableau comprend le nom du vendeur, les conditions de paiement, des informations sur l'\u00e9quipement, les conditions de livraison, le d\u00e9lai de production, le prix et la validit\u00e9 de l'offre.\nLes acheteurs peuvent choisir de discuter directement avec les vendeurs qui ont soumis des offres, au cas o\u00f9 des questions resteraient sans r\u00e9ponse.<\/span><\/p>\t\t\t\t<\/div>\r\n\t\t\t<\/div>\r\n\t\t\t\t\t\t<div class=\"acc-item\">\r\n\t\t\t\t<span class=\"acc-toggle\" data-default=\"\">Dans quel d\u00e9lai puis-je obtenir le premier prix ? <i class=\"down fas fa-caret-down\"><\/i><i class=\"up fas fa-caret-up\"><\/i><\/span>\r\n\t\t\t\t<div class=\"acc-content\">\r\n\t\t\t\t\t<p><span style=\"font-weight: 400;\">Le premier devis sera soumis dans les 48 heures suivant le d\u00e9but du projet.\nEn fonction de la complexit\u00e9 du projet, l'obtention des prix peut prendre jusqu'\u00e0 une semaine.<\/span><\/p>\t\t\t\t<\/div>\r\n\t\t\t<\/div>\r\n\t\t\t\t\t\t<div class=\"acc-item\">\r\n\t\t\t\t<span class=\"acc-toggle\" data-default=\"\">Dois-je m'inscrire pour demander un prix ? <i class=\"down fas fa-caret-down\"><\/i><i class=\"up fas fa-caret-up\"><\/i><\/span>\r\n\t\t\t\t<div class=\"acc-content\">\r\n\t\t\t\t\t<p class=\" translation-block\">Chaque acheteur peut demander son \u00e9quipement sans avoir besoin d'un profil dans notre syst\u00e8me. Cependant, pour pouvoir consulter les prix, parler aux vendeurs, demander des changements, choisir entre d'autres services, l'acheteur doit activer son compte et se connecter \u00e0 son tableau de bord.<\/p>\t\t\t\t<\/div>\r\n\t\t\t<\/div>\r\n\t\t\t\t\t\t<div class=\"acc-item\">\r\n\t\t\t\t<span class=\"acc-toggle\" data-default=\"\">Pourquoi dois-je m'inscrire pour conna\u00eetre les tarifs ? <i class=\"down fas fa-caret-down\"><\/i><i class=\"up fas fa-caret-up\"><\/i><\/span>\r\n\t\t\t\t<div class=\"acc-content\">\r\n\t\t\t\t\t<p class=\" translation-block\">Proficircle est construit dans le but de faciliter le parcours de chaque acheteur et de simplifier sa prise de d\u00e9cision et son processus d'approvisionnement. \u00c0 chaque inscription, Proficircle permet \u00e0 l'acheteur de revoir sa demande de projet, d'apporter des modifications, d'ajouter des services, de consulter les prix dans un tableau comparatif, de parler aux fournisseurs, de d\u00e9cider du mode de paiement et bien plus encore.<\/p>\t\t\t\t<\/div>\r\n\t\t\t<\/div>\r\n\t\t\t\t\t\t<div class=\"acc-item\">\r\n\t\t\t\t<span class=\"acc-toggle\" data-default=\"\">Combien de temps faut-il pour obtenir les prix d'une ench\u00e8re ? <i class=\"down fas fa-caret-down\"><\/i><i class=\"up fas fa-caret-up\"><\/i><\/span>\r\n\t\t\t\t<div class=\"acc-content\">\r\n\t\t\t\t\t<p><span style=\"font-weight: 400;\">Chaque ench\u00e8re est diff\u00e9rente et d\u00e9pend des sp\u00e9cificit\u00e9s du projet.\nEn g\u00e9n\u00e9ral, il faut en moyenne 3 \u00e0 7 jours pour obtenir toutes les offres dans un tableau comparatif.\nToutefois, les acheteurs re\u00e7oivent un courrier \u00e9lectronique lorsqu'une offre est t\u00e9l\u00e9charg\u00e9e et peuvent l'examiner avant la fin de l'ench\u00e8re.\nS'ils ne veulent plus attendre, un gagnant peut \u00eatre s\u00e9lectionn\u00e9.<\/span><\/p>\t\t\t\t<\/div>\r\n\t\t\t<\/div>\r\n\t\t\t\t\t\t<div class=\"acc-item\">\r\n\t\t\t\t<span class=\"acc-toggle\" data-default=\"\">Y a-t-il une validit\u00e9 des prix ? <i class=\"down fas fa-caret-down\"><\/i><i class=\"up fas fa-caret-up\"><\/i><\/span>\r\n\t\t\t\t<div class=\"acc-content\">\r\n\t\t\t\t\t<p><span style=\"font-weight: 400;\">Oui, chaque fournisseur a ses propres conditions et sa propre validit\u00e9 pour chaque offre.\nEn fonction des mat\u00e9riaux et de la complexit\u00e9 du projet, chaque offre a une certaine dur\u00e9e de validit\u00e9.\nSi l'acheteur n'est pas en mesure de prendre une d\u00e9cision avant l'expiration de l'offre, il peut faire une nouvelle demande.<\/span><\/p>\t\t\t\t<\/div>\r\n\t\t\t<\/div>\r\n\t\t\t\t    <\/div>\r\n\r\n\t    \t\t<\/div>\n\t\t\t\t<\/div>\n\t\t\t\t\t<\/div>\n\t\t<\/div>\n\t\t\t\t\t<\/div>\n\t\t<\/section>\n\t\t\t\t<\/div>","protected":false},"excerpt":{"rendered":"<p>ProfiCircle Knowledge base Why do I need an auction if I want prices very fast? Auctions are created to achieve the lowest possible price for certain request. By taking advantage of auctions, the buyer can access storage solutions with on average 15% less cost compared to without auctions. The difference between \u201cauction\u201d and \u201cno auction\u201d [&hellip;]<\/p>","protected":false},"author":3,"featured_media":0,"parent":0,"menu_order":0,"comment_status":"closed","ping_status":"closed","template":"","meta":{"footnotes":""},"aioseo_notices":[],"_links":{"self":[{"href":"https:\/\/www.laytech.ai\/fr\/wp-json\/wp\/v2\/pages\/21849"}],"collection":[{"href":"https:\/\/www.laytech.ai\/fr\/wp-json\/wp\/v2\/pages"}],"about":[{"href":"https:\/\/www.laytech.ai\/fr\/wp-json\/wp\/v2\/types\/page"}],"author":[{"embeddable":true,"href":"https:\/\/www.laytech.ai\/fr\/wp-json\/wp\/v2\/users\/3"}],"replies":[{"embeddable":true,"href":"https:\/\/www.laytech.ai\/fr\/wp-json\/wp\/v2\/comments?post=21849"}],"version-history":[{"count":4,"href":"https:\/\/www.laytech.ai\/fr\/wp-json\/wp\/v2\/pages\/21849\/revisions"}],"predecessor-version":[{"id":21853,"href":"https:\/\/www.laytech.ai\/fr\/wp-json\/wp\/v2\/pages\/21849\/revisions\/21853"}],"wp:attachment":[{"href":"https:\/\/www.laytech.ai\/fr\/wp-json\/wp\/v2\/media?parent=21849"}],"curies":[{"name":"wp","href":"https:\/\/api.w.org\/{rel}","templated":true}]}}