{"id":21849,"date":"2024-07-25T11:47:39","date_gmt":"2024-07-25T11:47:39","guid":{"rendered":"https:\/\/proficircle.com\/?page_id=21849"},"modified":"2024-07-25T11:49:37","modified_gmt":"2024-07-25T11:49:37","slug":"knowledge-base","status":"publish","type":"page","link":"https:\/\/www.laytech.ai\/nl\/knowledge-base\/","title":{"rendered":"Kennis basis"},"content":{"rendered":"<div data-elementor-type=\"wp-page\" data-elementor-id=\"21849\" class=\"elementor elementor-21849\">\n\t\t\t\t\t\t<section class=\"elementor-section elementor-top-section elementor-element elementor-element-c02bf56 ot-traditional elementor-section-boxed elementor-section-height-default elementor-section-height-default\" data-id=\"c02bf56\" data-element_type=\"section\">\n\t\t\t\t\t\t<div class=\"elementor-container elementor-column-gap-default\">\n\t\t\t\t\t<div class=\"elementor-column elementor-col-100 elementor-top-column elementor-element elementor-element-24a08dc ot-flex-column-vertical\" data-id=\"24a08dc\" data-element_type=\"column\">\n\t\t\t<div class=\"elementor-widget-wrap elementor-element-populated\">\n\t\t\t\t\t\t<div class=\"elementor-element elementor-element-b0be994 elementor-widget elementor-widget-heading\" data-id=\"b0be994\" data-element_type=\"widget\" data-widget_type=\"heading.default\">\n\t\t\t\t<div class=\"elementor-widget-container\">\n\t\t\t<h1 class=\"elementor-heading-title elementor-size-default\">ProfiCircle Knowledge base<\/h1>\t\t<\/div>\n\t\t\t\t<\/div>\n\t\t\t\t\t<\/div>\n\t\t<\/div>\n\t\t\t\t\t<\/div>\n\t\t<\/section>\n\t\t\t\t<section class=\"elementor-section elementor-top-section elementor-element elementor-element-2b012e3 ot-traditional elementor-section-boxed elementor-section-height-default elementor-section-height-default\" data-id=\"2b012e3\" data-element_type=\"section\" data-settings=\"{&quot;background_background&quot;:&quot;classic&quot;}\">\n\t\t\t\t\t\t<div class=\"elementor-container elementor-column-gap-default\">\n\t\t\t\t\t<div class=\"elementor-column elementor-col-100 elementor-top-column elementor-element elementor-element-5010db5 ot-flex-column-vertical\" data-id=\"5010db5\" data-element_type=\"column\">\n\t\t\t<div class=\"elementor-widget-wrap elementor-element-populated\">\n\t\t\t\t\t\t<div class=\"elementor-element elementor-element-d336f15 elementor-widget__width-initial elementor-widget elementor-widget-iaccordions\" data-id=\"d336f15\" data-element_type=\"widget\" data-widget_type=\"iaccordions.default\">\n\t\t\t\t<div class=\"elementor-widget-container\">\n\t\t\t\r\n\t\t<div class=\"ot-accordions\">\r\n\t\t\t\t\t\t<div class=\"acc-item\">\r\n\t\t\t\t<span class=\"acc-toggle\" data-default=\"yes\">Waarom heb ik een veiling nodig als ik heel snel prijzen wil? <i class=\"down fas fa-caret-down\"><\/i><i class=\"up fas fa-caret-up\"><\/i><\/span>\r\n\t\t\t\t<div class=\"acc-content\">\r\n\t\t\t\t\t<p><span style=\"font-weight: 400;\">De veilingen worden gemaakt om de laagst mogelijke prijs voor sommige aanvragen te bereiken.\nDoor gebruik te maken van veilingen heeft de koper toegang tot opslagoplossingen met gemiddeld 15% minder kosten dan zonder veilingen.\nHet tijdsverschil tussen 'veilings'- en 'geen veiling'-prijzen is 2-3 dagen.\nIndien de koper expliciet aangeeft geen gebruik te willen maken van de veiling, dan kan Proficircle de prijsopgave op first come first serve-basis verstrekken.\u00a0<\/span><\/p>\t\t\t\t<\/div>\r\n\t\t\t<\/div>\r\n\t\t\t\t\t\t<div class=\"acc-item\">\r\n\t\t\t\t<span class=\"acc-toggle\" data-default=\"\">Zien de leveranciers elkaars prijsopgaven? <i class=\"down fas fa-caret-down\"><\/i><i class=\"up fas fa-caret-up\"><\/i><\/span>\r\n\t\t\t\t<div class=\"acc-content\">\r\n\t\t\t\t\t<p><span style=\"font-weight: 400;\">Alle leveranciers zien in real-time de laagste prijsopgave voor de projecten waaraan ze deelnemen.\nGemiddeld bieden verkopers tijdens de veiling 5 keer tegen elkaar en verlagen ze de prijs met maximaal 15%.<\/span><\/p>\t\t\t\t<\/div>\r\n\t\t\t<\/div>\r\n\t\t\t\t\t\t<div class=\"acc-item\">\r\n\t\t\t\t<span class=\"acc-toggle\" data-default=\"\">Hoe snel bezorgen jullie? <i class=\"down fas fa-caret-down\"><\/i><i class=\"up fas fa-caret-up\"><\/i><\/span>\r\n\t\t\t\t<div class=\"acc-content\">\r\n\t\t\t\t\t<p class=\" translation-block\">Proficircle stelt jou in staat om te beslissen hoe snel je wilt dat een project wordt opgeleverd.\nDit geeft ons een idee van welke leveranciers moeten worden uitgenodigd om op je project te bieden.\nDe veiling stelt kopers in staat om de prijs en leveringsperiode te vergelijken en rechtstreeks met leveranciers te praten om verschillende voorwaarden aan te vragen.<\/p>\t\t\t\t<\/div>\r\n\t\t\t<\/div>\r\n\t\t\t\t\t\t<div class=\"acc-item\">\r\n\t\t\t\t<span class=\"acc-toggle\" data-default=\"\">Is Proficircle een verdeler? <i class=\"down fas fa-caret-down\"><\/i><i class=\"up fas fa-caret-up\"><\/i><\/span>\r\n\t\t\t\t<div class=\"acc-content\">\r\n\t\t\t\t\t<p class=\" translation-block\">Proficircle is het grootste inkoopplatform voor magazijn- en winkelapparatuur.\nProficircle vertegenwoordigt niet uitsluitend een producent of verdeler.\nProficircle is een digitaal platform voor lokale en internationale leveranciers van retail-, logistieke en materiaalbehandelingsapparatuur.<\/p>\t\t\t\t<\/div>\r\n\t\t\t<\/div>\r\n\t\t\t\t\t\t<div class=\"acc-item\">\r\n\t\t\t\t<span class=\"acc-toggle\" data-default=\"\">Wie is de verkoper als ik een aanvraag doe via jullie platform? <i class=\"down fas fa-caret-down\"><\/i><i class=\"up fas fa-caret-up\"><\/i><\/span>\r\n\t\t\t\t<div class=\"acc-content\">\r\n\t\t\t\t\t<p><span style=\"font-weight: 400;\">De verkoper is de winnaar van de veiling die u kiest tussen 3-5 aanbiedingen die worden gevisualiseerd via de vergelijkingstabel. <\/span><\/p>\t\t\t\t<\/div>\r\n\t\t\t<\/div>\r\n\t\t\t\t\t\t<div class=\"acc-item\">\r\n\t\t\t\t<span class=\"acc-toggle\" data-default=\"\">Kan ik de leveranciers spreken zodra ik de prijzen zie? <i class=\"down fas fa-caret-down\"><\/i><i class=\"up fas fa-caret-up\"><\/i><\/span>\r\n\t\t\t\t<div class=\"acc-content\">\r\n\t\t\t\t\t<p class=\" translation-block\">Ja, kopers kunnen met alle leveranciers praten zodra ze een prijsopgave van hen hebben ontvangen.\nWe moedigen transparantie aan en stellen kopers in staat om alle verkopers vragen te stellen over hun aanbod.<\/p>\t\t\t\t<\/div>\r\n\t\t\t<\/div>\r\n\t\t\t\t\t\t<div class=\"acc-item\">\r\n\t\t\t\t<span class=\"acc-toggle\" data-default=\"\">Wat betekent een veiling? <i class=\"down fas fa-caret-down\"><\/i><i class=\"up fas fa-caret-up\"><\/i><\/span>\r\n\t\t\t\t<div class=\"acc-content\">\r\n\t\t\t\t\t<p><span style=\"font-weight: 400;\">Dit is een van de voordelen van het platform.\nProficircle maakt gebruik van veilingen om het concurrentievermogen te stimuleren van de leveranciers die bereid zijn een prijs op te geven.\nZe hebben beperkte tijd om tegen elkaar te bieden, terwijl ze de prijs gemiddeld met 15% verlagen.\nVervolgens worden de beste 3-5 prijzen gevisualiseerd voor de koper. <\/span><\/p>\t\t\t\t<\/div>\r\n\t\t\t<\/div>\r\n\t\t\t\t\t\t<div class=\"acc-item\">\r\n\t\t\t\t<span class=\"acc-toggle\" data-default=\"\">Wat is een vergelijkingstabel? <i class=\"down fas fa-caret-down\"><\/i><i class=\"up fas fa-caret-up\"><\/i><\/span>\r\n\t\t\t\t<div class=\"acc-content\">\r\n\t\t\t\t\t<p><span style=\"font-weight: 400;\">Wat is een vergelijkingstabel?\nEen vergelijkingstabel is de plaats waar alle aanbiedingen worden gevisualiseerd.\nDe tabel bevat de naam van de verkoper, betalingsvoorwaarden, informatie over de apparatuur, leveringsvoorwaarden, productietijd, prijs en geldigheid van de aanbieding.\nKopers kunnen ervoor kiezen om rechtstreeks te chatten met de verkopers die prijsopgaven hebben ingediend voor het geval er onbeantwoorde vragen zijn.<\/span><\/p>\t\t\t\t<\/div>\r\n\t\t\t<\/div>\r\n\t\t\t\t\t\t<div class=\"acc-item\">\r\n\t\t\t\t<span class=\"acc-toggle\" data-default=\"\">Hoe snel kan ik de eerste prijs krijgen? <i class=\"down fas fa-caret-down\"><\/i><i class=\"up fas fa-caret-up\"><\/i><\/span>\r\n\t\t\t\t<div class=\"acc-content\">\r\n\t\t\t\t\t<p><span style=\"font-weight: 400;\">De eerste prijsopgave wordt binnen 48 uur na de aanvang van het project ingediend.\nAfhankelijk van de complexiteit van het project kan het tot een week duren om prijzen te krijgen.<\/span><\/p>\t\t\t\t<\/div>\r\n\t\t\t<\/div>\r\n\t\t\t\t\t\t<div class=\"acc-item\">\r\n\t\t\t\t<span class=\"acc-toggle\" data-default=\"\">Moet ik mij registreren om een prijs op te vragen? <i class=\"down fas fa-caret-down\"><\/i><i class=\"up fas fa-caret-up\"><\/i><\/span>\r\n\t\t\t\t<div class=\"acc-content\">\r\n\t\t\t\t\t<p class=\" translation-block\">Elke koper kan zijn apparatuur aanvragen zonder dat hij zich hoeft te registreren in ons systeem. Maar om de prijzen te kunnen bekijken, met verkopers te spreken, wijzigingen aan te vragen, te kiezen tussen andere diensten, moet de koper zijn account aanmaken en inloggen op zijn dashboard.<\/p>\t\t\t\t<\/div>\r\n\t\t\t<\/div>\r\n\t\t\t\t\t\t<div class=\"acc-item\">\r\n\t\t\t\t<span class=\"acc-toggle\" data-default=\"\">Waarom moet ik me registreren om de prijzen te zien? <i class=\"down fas fa-caret-down\"><\/i><i class=\"up fas fa-caret-up\"><\/i><\/span>\r\n\t\t\t\t<div class=\"acc-content\">\r\n\t\t\t\t\t<p class=\" translation-block\">Proficircle is gebouwd met de bedoeling om de reis van elke koper te helpen en zijn besluitvormings- en inkoopproces te vereenvoudigen. Bij elke registratie stelt Proficircle de koper in staat zijn projectaanvraag te beoordelen, wijzigingen aan te brengen, diensten toe te voegen, prijzen in een vergelijkende tabel te bekijken, met leveranciers te praten, een betalingsmethode te bepalen en nog veel meer.<\/p>\t\t\t\t<\/div>\r\n\t\t\t<\/div>\r\n\t\t\t\t\t\t<div class=\"acc-item\">\r\n\t\t\t\t<span class=\"acc-toggle\" data-default=\"\">Hoeveel tijd neemt een veiling in beslag om de prijzen te verkrijgen? <i class=\"down fas fa-caret-down\"><\/i><i class=\"up fas fa-caret-up\"><\/i><\/span>\r\n\t\t\t\t<div class=\"acc-content\">\r\n\t\t\t\t\t<p><span style=\"font-weight: 400;\">Elke veiling is anders en afhankelijk van de projectspecificaties.\nMeestal duurt het gemiddeld 3-7 dagen om alle aanbiedingen in een vergelijkingstabel te verkrijgen.\nKopers ontvangen echter een e-mail wanneer er een aanbieding wordt ge\u00fcpload en kunnen deze v\u00f3\u00f3r het einde van de veiling bekijken.\nAls ze niet meer willen wachten, kan er een winnaar worden geselecteerd.<\/span><\/p>\t\t\t\t<\/div>\r\n\t\t\t<\/div>\r\n\t\t\t\t\t\t<div class=\"acc-item\">\r\n\t\t\t\t<span class=\"acc-toggle\" data-default=\"\">Is er een geldigheid van de prijzen? <i class=\"down fas fa-caret-down\"><\/i><i class=\"up fas fa-caret-up\"><\/i><\/span>\r\n\t\t\t\t<div class=\"acc-content\">\r\n\t\t\t\t\t<p><span style=\"font-weight: 400;\">Ja, elke leverancier heeft zijn eigen voorwaarden en geldigheid per aanbieding.\nAfhankelijk van de projectmaterialen en complexiteit heeft elke aanbieding een bepaalde periode waarin ze geldig is.\nAls de koper niet in staat is om te beslissen voordat de aanbieding verloopt, kan hij\/zij opnieuw een aanvraag indienen.<\/span><\/p>\t\t\t\t<\/div>\r\n\t\t\t<\/div>\r\n\t\t\t\t    <\/div>\r\n\r\n\t    \t\t<\/div>\n\t\t\t\t<\/div>\n\t\t\t\t\t<\/div>\n\t\t<\/div>\n\t\t\t\t\t<\/div>\n\t\t<\/section>\n\t\t\t\t<\/div>","protected":false},"excerpt":{"rendered":"<p>ProfiCircle Knowledge base Why do I need an auction if I want prices very fast? Auctions are created to achieve the lowest possible price for certain request. By taking advantage of auctions, the buyer can access storage solutions with on average 15% less cost compared to without auctions. The difference between \u201cauction\u201d and \u201cno auction\u201d [&hellip;]<\/p>","protected":false},"author":3,"featured_media":0,"parent":0,"menu_order":0,"comment_status":"closed","ping_status":"closed","template":"","meta":{"footnotes":""},"aioseo_notices":[],"_links":{"self":[{"href":"https:\/\/www.laytech.ai\/nl\/wp-json\/wp\/v2\/pages\/21849"}],"collection":[{"href":"https:\/\/www.laytech.ai\/nl\/wp-json\/wp\/v2\/pages"}],"about":[{"href":"https:\/\/www.laytech.ai\/nl\/wp-json\/wp\/v2\/types\/page"}],"author":[{"embeddable":true,"href":"https:\/\/www.laytech.ai\/nl\/wp-json\/wp\/v2\/users\/3"}],"replies":[{"embeddable":true,"href":"https:\/\/www.laytech.ai\/nl\/wp-json\/wp\/v2\/comments?post=21849"}],"version-history":[{"count":4,"href":"https:\/\/www.laytech.ai\/nl\/wp-json\/wp\/v2\/pages\/21849\/revisions"}],"predecessor-version":[{"id":21853,"href":"https:\/\/www.laytech.ai\/nl\/wp-json\/wp\/v2\/pages\/21849\/revisions\/21853"}],"wp:attachment":[{"href":"https:\/\/www.laytech.ai\/nl\/wp-json\/wp\/v2\/media?parent=21849"}],"curies":[{"name":"wp","href":"https:\/\/api.w.org\/{rel}","templated":true}]}}