{"id":1370,"date":"2020-01-02T09:28:08","date_gmt":"2020-01-02T09:28:08","guid":{"rendered":"http:\/\/wpdemo.archiwp.com\/engitech\/?page_id=1370"},"modified":"2025-01-22T10:41:06","modified_gmt":"2025-01-22T07:41:06","slug":"contacts","status":"publish","type":"page","link":"https:\/\/www.laytech.ai\/ro\/contacts\/","title":{"rendered":"Contacteaz\u0103-ne"},"content":{"rendered":"<div data-elementor-type=\"wp-page\" data-elementor-id=\"1370\" class=\"elementor elementor-1370\">\n\t\t\t\t\t\t<section class=\"elementor-section elementor-top-section elementor-element elementor-element-6fd2bda ot-traditional elementor-section-boxed elementor-section-height-default elementor-section-height-default\" data-id=\"6fd2bda\" data-element_type=\"section\">\n\t\t\t\t\t\t<div class=\"elementor-container elementor-column-gap-default\">\n\t\t\t\t\t<div class=\"elementor-column elementor-col-100 elementor-top-column elementor-element elementor-element-5466a31 ot-flex-column-vertical\" data-id=\"5466a31\" data-element_type=\"column\">\n\t\t\t<div class=\"elementor-widget-wrap elementor-element-populated\">\n\t\t\t\t\t\t<div class=\"elementor-element elementor-element-7136720 elementor-widget elementor-widget-html\" data-id=\"7136720\" data-element_type=\"widget\" data-widget_type=\"html.default\">\n\t\t\t\t<div class=\"elementor-widget-container\">\n\t\t\t<div data-tf-sidetab=\"SPW9w2P5\" data-tf-width=\"320\" data-tf-height=\"400\" data-tf-hide-headers data-tf-button-color=\"#0445AF\" data-tf-button-text=\"Launch me\" data-tf-iframe-props=\"title=Start your project here.\" data-tf-medium=\"snippet\" style=\"all:unset;\"><\/div><script src=\"\/\/embed.typeform.com\/next\/embed.js\"><\/script>\t\t<\/div>\n\t\t\t\t<\/div>\n\t\t\t\t\t<\/div>\n\t\t<\/div>\n\t\t\t\t\t<\/div>\n\t\t<\/section>\n\t\t\t\t<section class=\"elementor-section elementor-top-section elementor-element elementor-element-36b3c594 elementor-section-content-middle elementor-section-height-min-height ot-traditional elementor-section-boxed elementor-section-height-default elementor-section-items-middle\" data-id=\"36b3c594\" data-element_type=\"section\">\n\t\t\t\t\t\t<div class=\"elementor-container elementor-column-gap-extended\">\n\t\t\t\t\t<div class=\"elementor-column elementor-col-50 elementor-top-column elementor-element elementor-element-6acf4186 ot-flex-column-vertical\" data-id=\"6acf4186\" data-element_type=\"column\">\n\t\t\t<div class=\"elementor-widget-wrap elementor-element-populated\">\n\t\t\t\t\t\t<div class=\"elementor-element elementor-element-a5372bc elementor-widget elementor-widget-heading\" data-id=\"a5372bc\" data-element_type=\"widget\" data-widget_type=\"heading.default\">\n\t\t\t\t<div class=\"elementor-widget-container\">\n\t\t\t<h2 class=\"elementor-heading-title elementor-size-default\">Contacteaz\u0103-ne<\/h2>\t\t<\/div>\n\t\t\t\t<\/div>\n\t\t\t\t<div class=\"elementor-element elementor-element-a21ed9c elementor-widget elementor-widget-text-editor\" data-id=\"a21ed9c\" data-element_type=\"widget\" data-widget_type=\"text-editor.default\">\n\t\t\t\t<div class=\"elementor-widget-container\">\n\t\t\t\t\t\t\t<p><span style=\"font-weight: 400;\">Sun\u0103-ne sau trimite-ne un e-mail. Ne str\u0103duim s\u0103 r\u0103spundem la toate \u00eentreb\u0103rile \u00een termen de 24 de ore \u00een zilele lucr\u0103toare. Vom fi bucuro\u0219i s\u0103 v\u0103 r\u0103spundem la toate \u00eentreb\u0103rile.<\/span><\/p>\t\t\t\t\t\t<\/div>\n\t\t\t\t<\/div>\n\t\t\t\t<div class=\"elementor-element elementor-element-f771640 elementor-widget elementor-widget-heading\" data-id=\"f771640\" data-element_type=\"widget\" data-widget_type=\"heading.default\">\n\t\t\t\t<div class=\"elementor-widget-container\">\n\t\t\t<h2 class=\"elementor-heading-title elementor-size-default\">Adresa noastr\u0103:<\/h2>\t\t<\/div>\n\t\t\t\t<\/div>\n\t\t\t\t<div class=\"elementor-element elementor-element-65b5b52 elementor-widget elementor-widget-text-editor\" data-id=\"65b5b52\" data-element_type=\"widget\" data-widget_type=\"text-editor.default\">\n\t\t\t\t<div class=\"elementor-widget-container\">\n\t\t\t\t\t\t\t<ul><li>1 Rue du Mole, c\/o ATHEMIS GESTION SA, 2000 Neuchatel, Switzerland<\/li><\/ul>\t\t\t\t\t\t<\/div>\n\t\t\t\t<\/div>\n\t\t\t\t<div class=\"elementor-element elementor-element-799ea2d elementor-widget elementor-widget-heading\" data-id=\"799ea2d\" data-element_type=\"widget\" data-widget_type=\"heading.default\">\n\t\t\t\t<div class=\"elementor-widget-container\">\n\t\t\t<h2 class=\"elementor-heading-title elementor-size-default\">Adrese de mail<\/h2>\t\t<\/div>\n\t\t\t\t<\/div>\n\t\t\t\t<section class=\"elementor-section elementor-inner-section elementor-element elementor-element-37c7692 elementor-section-full_width ot-traditional elementor-section-height-default elementor-section-height-default\" data-id=\"37c7692\" data-element_type=\"section\">\n\t\t\t\t\t\t<div class=\"elementor-container elementor-column-gap-no\">\n\t\t\t\t\t<div class=\"elementor-column elementor-col-100 elementor-inner-column elementor-element elementor-element-ec5e694 ot-flex-column-vertical\" data-id=\"ec5e694\" data-element_type=\"column\">\n\t\t\t<div class=\"elementor-widget-wrap elementor-element-populated\">\n\t\t\t\t\t\t<div class=\"elementor-element elementor-element-766d1c1 elementor-icon-list--layout-traditional elementor-list-item-link-full_width elementor-widget elementor-widget-icon-list\" data-id=\"766d1c1\" data-element_type=\"widget\" data-widget_type=\"icon-list.default\">\n\t\t\t\t<div class=\"elementor-widget-container\">\n\t\t\t\t\t<ul class=\"elementor-icon-list-items\">\n\t\t\t\t\t\t\t<li class=\"elementor-icon-list-item\">\n\t\t\t\t\t\t\t\t\t\t\t<a href=\"mailto:info@proficircle.ro\">\n\n\t\t\t\t\t\t\t\t\t\t\t<span class=\"elementor-icon-list-text\">info@proficircle.ro<\/span>\n\t\t\t\t\t\t\t\t\t\t\t<\/a>\n\t\t\t\t\t\t\t\t\t<\/li>\n\t\t\t\t\t\t<\/ul>\n\t\t\t\t<\/div>\n\t\t\t\t<\/div>\n\t\t\t\t\t<\/div>\n\t\t<\/div>\n\t\t\t\t\t<\/div>\n\t\t<\/section>\n\t\t\t\t<div class=\"elementor-element elementor-element-d3a587e elementor-widget elementor-widget-heading\" data-id=\"d3a587e\" data-element_type=\"widget\" data-widget_type=\"heading.default\">\n\t\t\t\t<div class=\"elementor-widget-container\">\n\t\t\t<h2 class=\"elementor-heading-title elementor-size-default\">Telefon<\/h2>\t\t<\/div>\n\t\t\t\t<\/div>\n\t\t\t\t<div class=\"elementor-element elementor-element-b2f686d elementor-icon-list--layout-traditional elementor-list-item-link-full_width elementor-widget elementor-widget-icon-list\" data-id=\"b2f686d\" data-element_type=\"widget\" data-widget_type=\"icon-list.default\">\n\t\t\t\t<div class=\"elementor-widget-container\">\n\t\t\t\t\t<ul class=\"elementor-icon-list-items\">\n\t\t\t\t\t\t\t<li class=\"elementor-icon-list-item\">\n\t\t\t\t\t\t\t\t\t\t\t<a href=\"tel: 33673186511.\">\n\n\t\t\t\t\t\t\t\t\t\t\t<span class=\"elementor-icon-list-text\">+33 673 186 511<\/span>\n\t\t\t\t\t\t\t\t\t\t\t<\/a>\n\t\t\t\t\t\t\t\t\t<\/li>\n\t\t\t\t\t\t<\/ul>\n\t\t\t\t<\/div>\n\t\t\t\t<\/div>\n\t\t\t\t\t<\/div>\n\t\t<\/div>\n\t\t\t\t<div class=\"elementor-column elementor-col-50 elementor-top-column elementor-element elementor-element-c65d038 ot-flex-column-vertical\" data-id=\"c65d038\" data-element_type=\"column\">\n\t\t\t<div class=\"elementor-widget-wrap elementor-element-populated\">\n\t\t\t\t\t\t<div class=\"elementor-element elementor-element-4714d49 elementor-widget elementor-widget-google_maps\" data-id=\"4714d49\" data-element_type=\"widget\" data-widget_type=\"google_maps.default\">\n\t\t\t\t<div class=\"elementor-widget-container\">\n\t\t\t\t\t<div class=\"elementor-custom-embed\">\n\t\t\t<iframe loading=\"lazy\"\n\t\t\t\t\tsrc=\"https:\/\/maps.google.com\/maps?q=1%20Rue%20du%20Mole%2C%20c%2Fo%20ATHEMIS%20GESTION%20SA%2C%202000%20Neuchatel%2C%20Switzerland&#038;t=m&#038;z=17&#038;output=embed&#038;iwloc=near\"\n\t\t\t\t\ttitle=\"1 Rue du Mole, c\/o ATHEMIS GESTION SA, 2000 Neuchatel, Switzerland\"\n\t\t\t\t\taria-label=\"1 Rue du Mole, c\/o ATHEMIS GESTION SA, 2000 Neuchatel, Switzerland\"\n\t\t\t><\/iframe>\n\t\t<\/div>\n\t\t\t\t<\/div>\n\t\t\t\t<\/div>\n\t\t\t\t\t<\/div>\n\t\t<\/div>\n\t\t\t\t\t<\/div>\n\t\t<\/section>\n\t\t\t\t<section class=\"elementor-section elementor-top-section elementor-element elementor-element-7e56232 ot-traditional elementor-section-boxed elementor-section-height-default elementor-section-height-default\" data-id=\"7e56232\" data-element_type=\"section\">\n\t\t\t\t\t\t<div class=\"elementor-container elementor-column-gap-default\">\n\t\t\t\t\t<div class=\"elementor-column elementor-col-100 elementor-top-column elementor-element elementor-element-036c7ae ot-flex-column-vertical\" data-id=\"036c7ae\" data-element_type=\"column\">\n\t\t\t<div class=\"elementor-widget-wrap elementor-element-populated\">\n\t\t\t\t\t\t<div class=\"elementor-element elementor-element-2f12839 elementor-widget elementor-widget-shortcode\" data-id=\"2f12839\" data-element_type=\"widget\" data-widget_type=\"shortcode.default\">\n\t\t\t\t<div class=\"elementor-widget-container\">\n\t\t\t\t\t<div class=\"elementor-shortcode\">\n<div class=\"wpcf7 no-js\" id=\"wpcf7-f22727-o1\" lang=\"en-US\" dir=\"ltr\">\n<div class=\"screen-reader-response\"><p role=\"status\" aria-live=\"polite\" aria-atomic=\"true\"><\/p> <ul><\/ul><\/div>\n<form action=\"\/ro\/wp-json\/wp\/v2\/pages\/1370#wpcf7-f22727-o1\" method=\"post\" class=\"wpcf7-form init wpcf7-acceptance-as-validation\" aria-label=\"Contact form\" enctype=\"multipart\/form-data\" novalidate=\"novalidate\" data-status=\"init\" data-trp-original-action=\"\/ro\/wp-json\/wp\/v2\/pages\/1370#wpcf7-f22727-o1\">\n<div style=\"display: none;\">\n<input type=\"hidden\" name=\"_wpcf7\" value=\"22727\" \/>\n<input type=\"hidden\" name=\"_wpcf7_version\" value=\"5.9.8\" \/>\n<input type=\"hidden\" name=\"_wpcf7_locale\" value=\"en_US\" \/>\n<input type=\"hidden\" name=\"_wpcf7_unit_tag\" value=\"wpcf7-f22727-o1\" \/>\n<input type=\"hidden\" name=\"_wpcf7_container_post\" value=\"0\" \/>\n<input type=\"hidden\" name=\"_wpcf7_posted_data_hash\" value=\"\" \/>\n<input type=\"hidden\" name=\"_wpcf7_recaptcha_response\" value=\"\" \/>\n<\/div>\n<div class=\"thank-you hidden\">\n\t<h3>V\u0103 mul\u021bumim pentru cerere - sunte\u021bi pe drumul cel bun!\n\t<\/h3>\n\t<p><br \/>\nAm primit cererea dumneavoastr\u0103 \u0219i suntem \u00eenc\u00e2nta\u021bi s\u0103 v\u0103 ajut\u0103m s\u0103 g\u0103si\u021bi cele mai bune solu\u021bii.<br \/>\nVrei s\u0103 mergi mai repede? Prin completarea formularului RFQ, ve\u021bi primi mai mult de 3 oferte personalizate de la furnizorii no\u0219tri preselecta\u021bi, adaptate nevoilor dumneavoastr\u0103 specifice.\n\t<\/p>\n\t<p><a\n    id=\"pc-url-to-app\"\n    class=\"pc-url-to-app\"\n    target=\"_blank\"\n    href=\"https:\/\/app.proficircle.com\/login\/\"\n    >Continua\u021bi la RFQ<\/a>\n\t<\/p>\n\t<p><br \/>\nDac\u0103 ave\u021bi nevoie de asisten\u021b\u0103, v\u0103 rug\u0103m s\u0103 nu ezita\u021bi s\u0103 ne contacta\u021bi! Echipa noastr\u0103 de customer success este la \u00eendem\u00e2n\u0103 pentru a v\u0103 ajuta la fiecare pas. Anun\u021ba\u021bi-ne!\n\t<\/p>\n<\/div>\n<div class=\"error-user-exists hidden\">\n\t<h3 class=\"error-message\">Another request for this email already exists!\n\t<\/h3>\n\t<p><button type=\"button\" class=\"btn-try-again\">Try again<\/button>\n\t<\/p>\n\t<p><br \/>\nWe\u2019ve received your initial request, and we\u2019re excited to help you find the<br \/>\nbest solutions. Please login into your account and start completing your RFQ\n\t<\/p>\n\t<p><a\n    id=\"pc-url-to-app\"\n    class=\"pc-url-to-app\"\n    target=\"_blank\"\n    href=\"https:\/\/app.proficircle.com\/login\/\"\n    >Log into your acount<\/a>\n\t<\/p>\n\t<p><br \/>\nIf you forgot your password you can reset it using this link:<br \/>\n<a\n      target=\"_blank\"\n      href=\"https:\/\/app.proficircle.com\/resetpassword\"\n      >Reset password<\/a>\n\t<\/p>\n\t<p><br \/>\nIf you need any help along the way, we\u2019re here for you! Our success<br \/>\nmanagement team would be happy to assist you directly. Just let us know!\n\t<\/p>\n<\/div>\n<div class=\"error-company-exists hidden\">\n\t<h3 class=\"error-message\">The Company already exists!\n\t<\/h3>\n\t<p><button type=\"button\" class=\"btn-try-again\">Try again<\/button>\n\t<\/p>\n\t<p><br \/>\nWe\u2019ve received your initial request, and we\u2019re excited to help you find the<br \/>\nbest solutions. Please login into your account and start completing your RFQ\n\t<\/p>\n\t<p><a\n    id=\"pc-url-to-app\"\n    class=\"pc-url-to-app\"\n    target=\"_blank\"\n    href=\"https:\/\/app.proficircle.com\/login\/\"\n    >Log into your acount<\/a>\n\t<\/p>\n\t<p><br \/>\nIf you forgot your password you can reset it using this link:<br \/>\n<a\n      target=\"_blank\"\n      href=\"https:\/\/app.proficircle.com\/resetpassword\"\n      >Reset password<\/a>\n\t<\/p>\n\t<p><br \/>\nIf you need any help along the way, we\u2019re here for you! Our success<br \/>\nmanagement team would be happy to assist you directly. Just let us know!\n\t<\/p>\n<\/div>\n<div class=\"pc-form\">\n\t<h2>Gata s\u0103 \u00eencepem?\n\t<\/h2>\n\t<p class=\"font16\"><br \/>\nC\u00e2mpurile obligatorii sunt marcate *\n\t<\/p>\n\t<p><span class=\"wpcf7-form-control-wrap\" data-name=\"your-name\"><input size=\"40\" maxlength=\"400\" class=\"wpcf7-form-control wpcf7-text wpcf7-validates-as-required\" aria-required=\"true\" aria-invalid=\"false\" placeholder=\"Numele complet *\" value=\"\" type=\"text\" name=\"your-name\" \/><\/span>\n\t<\/p>\n\t<p><span class=\"wpcf7-form-control-wrap\" data-name=\"company\"><input size=\"40\" maxlength=\"400\" class=\"wpcf7-form-control wpcf7-text wpcf7-validates-as-required\" aria-required=\"true\" aria-invalid=\"false\" placeholder=\"Nume companie *\" value=\"\" type=\"text\" name=\"company\" \/><\/span>\n\t<\/p>\n\t<p><span class=\"wpcf7-form-control-wrap\" data-name=\"your-email\"><input size=\"40\" maxlength=\"400\" class=\"wpcf7-form-control wpcf7-email wpcf7-validates-as-required wpcf7-text wpcf7-validates-as-email\" aria-required=\"true\" aria-invalid=\"false\" placeholder=\"Email profesional *\" value=\"\" type=\"email\" name=\"your-email\" \/><\/span>\n\t<\/p>\n\t<p><span class=\"wpcf7-form-control-wrap\" data-name=\"tel-485\"><input size=\"40\" maxlength=\"400\" class=\"wpcf7-form-control wpcf7-tel wpcf7-text wpcf7-validates-as-tel\" aria-invalid=\"false\" placeholder=\"Enter a contact phone\" value=\"\" type=\"tel\" name=\"tel-485\" \/><\/span>\n\t<\/p>\n\t<p><br \/>\n<span class=\"wpcf7-form-control-wrap\" data-name=\"additional-details\"><textarea cols=\"40\" rows=\"10\" maxlength=\"2000\" class=\"wpcf7-form-control wpcf7-textarea\" aria-invalid=\"false\" placeholder=\"Detalii adi\u021bionale cu privire la proiect...\" name=\"additional-details\"><\/textarea><\/span>\n\t<\/p>\n\t<p>Dac\u0103 ave\u021bi o schi\u021b\u0103 pentru proiect, o pute\u021bi \u00eenc\u0103rca aici\n\t<\/p>\n\t<div class=\"custom-upload-btn-container\">\n\t\t<p><label for=\"pc-upload-image\" class=\"custom-file-upload\"><br \/>\n<i class=\"fa fa-cloud-upload\"><\/i> <span class=\"file-chosen\">Niciun fi\u0219ier ales<\/span><br \/>\n<\/label>\n\t\t<\/p>\n\t\t<p><i id=\"reset-file\" class=\"fa fa-redo hidden\"><\/i>\n\t\t<\/p>\n\t<\/div>\n\t<p><span class=\"wpcf7-form-control-wrap\" data-name=\"file-518\"><input size=\"40\" class=\"wpcf7-form-control wpcf7-file pc-upload-image hidden\" id=\"pc-upload-image\" accept=\"image\/*,.pdf,.docx,.xlsx,.pptx,.zip\" aria-invalid=\"false\" type=\"file\" name=\"file-518\" \/><\/span>\n\t<\/p>\n\t<p><input type=\"hidden\" class=\"pc-upload-hidden\" \/><br \/>\n<span class=\"wpcf7-form-control-wrap\" data-name=\"acceptance-24\"><span class=\"wpcf7-form-control wpcf7-acceptance\"><span class=\"wpcf7-list-item\"><label><input type=\"checkbox\" name=\"acceptance-24\" value=\"1\" aria-invalid=\"false\" \/><span class=\"wpcf7-list-item-label\">Trimi\u021b\u00e2nd cererea sunt de acord cu\n  <a\n    href=\"https:\/\/proficircle.com\/terms-and-conditions\/\"\n    target=\"_blank\"\n    >Termenii \u0219i condi\u021biile<\/a\n>\n  \u0219i cu\n  <a\n    href=\"https:\/\/proficircle.com\/privacy-policies\/\"\n    target=\"_blank\"\n  >\n    Politica de confiden\u021bialitate<\/a\n><\/span><\/label><\/span><\/span><\/span><br \/>\n<button\n    type=\"submit\"\n    class=\"octf-btn\"\n  >Trimite cererea<\/button>\n\t<\/p>\n<\/div><input type='hidden' class='wpcf7-pum' value='{\"closepopup\":false,\"closedelay\":0,\"openpopup\":false,\"openpopup_id\":0}' \/><div class=\"wpcf7-response-output\" aria-hidden=\"true\"><\/div>\n<input type=\"hidden\" name=\"trp-form-language\" value=\"ro\"\/><\/form>\n<\/div>\n<\/div>\n\t\t\t\t<\/div>\n\t\t\t\t<\/div>\n\t\t\t\t\t<\/div>\n\t\t<\/div>\n\t\t\t\t\t<\/div>\n\t\t<\/section>\n\t\t\t\t<\/div>","protected":false},"excerpt":{"rendered":"<p>Contact us Give us a call or send us an email. We strive to respond to all inquiries within 24 hours on business days. We will be happy to answer your questions. Address 1 Rue du Mole, c\/o ATHEMIS GESTION SA, 2000 Neuchatel, Switzerland Mailboxes info@proficircle.com Phone +33 673 186 511<\/p>","protected":false},"author":1,"featured_media":0,"parent":0,"menu_order":0,"comment_status":"closed","ping_status":"closed","template":"","meta":{"footnotes":""},"aioseo_notices":[],"_links":{"self":[{"href":"https:\/\/www.laytech.ai\/ro\/wp-json\/wp\/v2\/pages\/1370"}],"collection":[{"href":"https:\/\/www.laytech.ai\/ro\/wp-json\/wp\/v2\/pages"}],"about":[{"href":"https:\/\/www.laytech.ai\/ro\/wp-json\/wp\/v2\/types\/page"}],"author":[{"embeddable":true,"href":"https:\/\/www.laytech.ai\/ro\/wp-json\/wp\/v2\/users\/1"}],"replies":[{"embeddable":true,"href":"https:\/\/www.laytech.ai\/ro\/wp-json\/wp\/v2\/comments?post=1370"}],"version-history":[{"count":156,"href":"https:\/\/www.laytech.ai\/ro\/wp-json\/wp\/v2\/pages\/1370\/revisions"}],"predecessor-version":[{"id":23128,"href":"https:\/\/www.laytech.ai\/ro\/wp-json\/wp\/v2\/pages\/1370\/revisions\/23128"}],"wp:attachment":[{"href":"https:\/\/www.laytech.ai\/ro\/wp-json\/wp\/v2\/media?parent=1370"}],"curies":[{"name":"wp","href":"https:\/\/api.w.org\/{rel}","templated":true}]}}