{"id":20098,"date":"2023-07-13T09:20:45","date_gmt":"2023-07-13T09:20:45","guid":{"rendered":"https:\/\/proficircle.com\/?page_id=20098"},"modified":"2025-01-21T11:17:17","modified_gmt":"2025-01-21T08:17:17","slug":"request-a-demo","status":"publish","type":"page","link":"https:\/\/www.laytech.ai\/ro\/request-a-demo\/","title":{"rendered":"Solicit\u0103 demo"},"content":{"rendered":"<div data-elementor-type=\"wp-page\" data-elementor-id=\"20098\" class=\"elementor elementor-20098\">\n\t\t\t\t\t\t<section class=\"elementor-section elementor-top-section elementor-element elementor-element-35e468a elementor-section-height-min-height ot-layout_block elementor-section-items-top elementor-section-boxed elementor-section-height-default\" data-id=\"35e468a\" data-element_type=\"section\">\n\t\t\t\t\t\t<div class=\"elementor-container elementor-column-gap-default\">\n\t\t\t\t\t<div class=\"elementor-column elementor-col-100 elementor-top-column elementor-element elementor-element-3805e0a ot-flex-column-vertical\" data-id=\"3805e0a\" data-element_type=\"column\">\n\t\t\t<div class=\"elementor-widget-wrap elementor-element-populated\">\n\t\t\t\t\t\t<div class=\"elementor-element elementor-element-b9c652b elementor-widget elementor-widget-heading\" data-id=\"b9c652b\" data-element_type=\"widget\" data-widget_type=\"heading.default\">\n\t\t\t\t<div class=\"elementor-widget-container\">\n\t\t\t<h2 class=\"elementor-heading-title elementor-size-default\">Solicit\u0103 demo<\/h2>\t\t<\/div>\n\t\t\t\t<\/div>\n\t\t\t\t<div class=\"elementor-element elementor-element-d8cd8c4 elementor-widget elementor-widget-html\" data-id=\"d8cd8c4\" data-element_type=\"widget\" data-widget_type=\"html.default\">\n\t\t\t\t<div class=\"elementor-widget-container\">\n\t\t\t<!-- Calendly inline widget begin -->\n<div class=\"calendly-inline-widget\" data-url=\"https:\/\/calendly.com\/yana-proficircle\/15min-intro\" style=\"min-width:320px;\"><\/div>\n<script type=\"text\/javascript\" src=\"https:\/\/assets.calendly.com\/assets\/external\/widget.js\" async><\/script>\n<!-- Calendly inline widget end -->\n\n<style>\n\n\n    .calendly-inline-widget{\n        overflow-y: hidden !important;\n        height: 900px;\n    }\n    \n    @media screen and (max-width:1229px) {\n     .calendly-inline-widget{\n        height: 1200px;\n    }   \n    }\n<\/style>\t\t<\/div>\n\t\t\t\t<\/div>\n\t\t\t\t\t<\/div>\n\t\t<\/div>\n\t\t\t\t\t<\/div>\n\t\t<\/section>\n\t\t\t\t<section class=\"elementor-section elementor-top-section elementor-element elementor-element-5e15003 elementor-section-height-full elementor-hidden-desktop elementor-hidden-tablet_extra elementor-hidden-tablet elementor-hidden-mobile ot-traditional elementor-section-boxed elementor-section-height-default elementor-section-items-middle\" data-id=\"5e15003\" data-element_type=\"section\">\n\t\t\t\t\t\t<div class=\"elementor-container elementor-column-gap-default\">\n\t\t\t\t\t<div class=\"elementor-column elementor-col-100 elementor-top-column elementor-element elementor-element-d8e9941 ot-flex-column-vertical\" data-id=\"d8e9941\" data-element_type=\"column\">\n\t\t\t<div class=\"elementor-widget-wrap elementor-element-populated\">\n\t\t\t\t\t\t<div class=\"elementor-element elementor-element-ae042dc elementor-widget elementor-widget-heading\" data-id=\"ae042dc\" data-element_type=\"widget\" data-widget_type=\"heading.default\">\n\t\t\t\t<div class=\"elementor-widget-container\">\n\t\t\t<h2 class=\"elementor-heading-title elementor-size-default\">Solicit\u0103 demo<\/h2>\t\t<\/div>\n\t\t\t\t<\/div>\n\t\t\t\t<div class=\"elementor-element elementor-element-742e1e9 elementor-widget elementor-widget-ictf7\" data-id=\"742e1e9\" data-element_type=\"widget\" data-widget_type=\"ictf7.default\">\n\t\t\t\t<div class=\"elementor-widget-container\">\n\t\t\t<div class=\"elementor-shortcode engitech-cf7-0\">\n<div class=\"wpcf7 no-js\" id=\"wpcf7-f20097-o1\" lang=\"en-US\" dir=\"ltr\">\n<div class=\"screen-reader-response\"><p role=\"status\" aria-live=\"polite\" aria-atomic=\"true\"><\/p> <ul><\/ul><\/div>\n<form action=\"\/ro\/wp-json\/wp\/v2\/pages\/20098#wpcf7-f20097-o1\" method=\"post\" class=\"wpcf7-form init\" aria-label=\"Contact form\" novalidate=\"novalidate\" data-status=\"init\" data-trp-original-action=\"\/ro\/wp-json\/wp\/v2\/pages\/20098#wpcf7-f20097-o1\">\n<div style=\"display: none;\">\n<input type=\"hidden\" name=\"_wpcf7\" value=\"20097\" \/>\n<input type=\"hidden\" name=\"_wpcf7_version\" value=\"5.9.8\" \/>\n<input type=\"hidden\" name=\"_wpcf7_locale\" value=\"en_US\" \/>\n<input type=\"hidden\" name=\"_wpcf7_unit_tag\" value=\"wpcf7-f20097-o1\" \/>\n<input type=\"hidden\" name=\"_wpcf7_container_post\" value=\"0\" \/>\n<input type=\"hidden\" name=\"_wpcf7_posted_data_hash\" value=\"\" \/>\n<input type=\"hidden\" name=\"_wpcf7_recaptcha_response\" value=\"\" \/>\n<\/div>\n<p><label> Nume <span style=\"color: red\">*<\/span><br \/>\n<span class=\"wpcf7-form-control-wrap\" data-name=\"your-name\"><input size=\"40\" maxlength=\"400\" class=\"wpcf7-form-control wpcf7-text wpcf7-validates-as-required\" aria-required=\"true\" aria-invalid=\"false\" value=\"\" type=\"text\" name=\"your-name\" \/><\/span> <\/label>\n<\/p>\n<p><label> Email <span style=\"color: red\">*<\/span><br \/>\n<span class=\"wpcf7-form-control-wrap\" data-name=\"your-email\"><input size=\"40\" maxlength=\"400\" class=\"wpcf7-form-control wpcf7-email wpcf7-validates-as-required wpcf7-text wpcf7-validates-as-email\" aria-required=\"true\" aria-invalid=\"false\" value=\"\" type=\"email\" name=\"your-email\" \/><\/span> <\/label>\n<\/p>\n<p><label> Care este obiectivul demonstra\u021biei? <span style=\"color: red\">*<\/span><br \/>\n<span class=\"wpcf7-form-control-wrap\" data-name=\"menu-414\"><select class=\"wpcf7-form-control wpcf7-select\" aria-invalid=\"false\" name=\"menu-414\"><option value=\"\">&#8212;Please choose an option&#8212;<\/option><option value=\"Sourcing equipment (buyer)\">Aprovizionare echipament (cump\u0103r\u0103tor)<\/option><option value=\"Sell equipment (seller)\">V\u00e2nzare echipament (v\u00e2nz\u0103tor)<\/option><\/select><\/span> <\/label>\n<\/p>\n<p><label> Numele companiei<br \/>\n<span class=\"wpcf7-form-control-wrap\" data-name=\"your-company\"><input size=\"40\" maxlength=\"400\" class=\"wpcf7-form-control wpcf7-text\" aria-invalid=\"false\" value=\"\" type=\"text\" name=\"your-company\" \/><\/span> <\/label>\n<\/p><input type='hidden' class='wpcf7-pum' value='{\"closepopup\":false,\"closedelay\":0,\"openpopup\":false,\"openpopup_id\":0}' \/><div class=\"wpcf7-response-output\" aria-hidden=\"true\"><\/div>\n<input type=\"hidden\" name=\"trp-form-language\" value=\"ro\"\/><\/form>\n<\/div>\n<\/div>\t\t<\/div>\n\t\t\t\t<\/div>\n\t\t\t\t\t<\/div>\n\t\t<\/div>\n\t\t\t\t\t<\/div>\n\t\t<\/section>\n\t\t\t\t<\/div>","protected":false},"excerpt":{"rendered":"<p>Request a demo Request a demo Your name * Your email * What is the objective of the demo? * &#8212;Please choose an option&#8212;Sourcing equipment (buyer)Sell equipment (seller) Your company<\/p>","protected":false},"author":3,"featured_media":0,"parent":0,"menu_order":0,"comment_status":"closed","ping_status":"closed","template":"","meta":{"footnotes":""},"aioseo_notices":[],"_links":{"self":[{"href":"https:\/\/www.laytech.ai\/ro\/wp-json\/wp\/v2\/pages\/20098"}],"collection":[{"href":"https:\/\/www.laytech.ai\/ro\/wp-json\/wp\/v2\/pages"}],"about":[{"href":"https:\/\/www.laytech.ai\/ro\/wp-json\/wp\/v2\/types\/page"}],"author":[{"embeddable":true,"href":"https:\/\/www.laytech.ai\/ro\/wp-json\/wp\/v2\/users\/3"}],"replies":[{"embeddable":true,"href":"https:\/\/www.laytech.ai\/ro\/wp-json\/wp\/v2\/comments?post=20098"}],"version-history":[{"count":101,"href":"https:\/\/www.laytech.ai\/ro\/wp-json\/wp\/v2\/pages\/20098\/revisions"}],"predecessor-version":[{"id":23116,"href":"https:\/\/www.laytech.ai\/ro\/wp-json\/wp\/v2\/pages\/20098\/revisions\/23116"}],"wp:attachment":[{"href":"https:\/\/www.laytech.ai\/ro\/wp-json\/wp\/v2\/media?parent=20098"}],"curies":[{"name":"wp","href":"https:\/\/api.w.org\/{rel}","templated":true}]}}