{"id":21849,"date":"2024-07-25T11:47:39","date_gmt":"2024-07-25T11:47:39","guid":{"rendered":"https:\/\/proficircle.com\/?page_id=21849"},"modified":"2024-07-25T11:49:37","modified_gmt":"2024-07-25T11:49:37","slug":"knowledge-base","status":"publish","type":"page","link":"https:\/\/www.laytech.ai\/ro\/knowledge-base\/","title":{"rendered":"Baz\u0103 de cuno\u0219tin\u021be"},"content":{"rendered":"<div data-elementor-type=\"wp-page\" data-elementor-id=\"21849\" class=\"elementor elementor-21849\">\n\t\t\t\t\t\t<section class=\"elementor-section elementor-top-section elementor-element elementor-element-c02bf56 ot-traditional elementor-section-boxed elementor-section-height-default elementor-section-height-default\" data-id=\"c02bf56\" data-element_type=\"section\">\n\t\t\t\t\t\t<div class=\"elementor-container elementor-column-gap-default\">\n\t\t\t\t\t<div class=\"elementor-column elementor-col-100 elementor-top-column elementor-element elementor-element-24a08dc ot-flex-column-vertical\" data-id=\"24a08dc\" data-element_type=\"column\">\n\t\t\t<div class=\"elementor-widget-wrap elementor-element-populated\">\n\t\t\t\t\t\t<div class=\"elementor-element elementor-element-b0be994 elementor-widget elementor-widget-heading\" data-id=\"b0be994\" data-element_type=\"widget\" data-widget_type=\"heading.default\">\n\t\t\t\t<div class=\"elementor-widget-container\">\n\t\t\t<h1 class=\"elementor-heading-title elementor-size-default\">ProfiCircle Knowledge base<\/h1>\t\t<\/div>\n\t\t\t\t<\/div>\n\t\t\t\t\t<\/div>\n\t\t<\/div>\n\t\t\t\t\t<\/div>\n\t\t<\/section>\n\t\t\t\t<section class=\"elementor-section elementor-top-section elementor-element elementor-element-2b012e3 ot-traditional elementor-section-boxed elementor-section-height-default elementor-section-height-default\" data-id=\"2b012e3\" data-element_type=\"section\" data-settings=\"{&quot;background_background&quot;:&quot;classic&quot;}\">\n\t\t\t\t\t\t<div class=\"elementor-container elementor-column-gap-default\">\n\t\t\t\t\t<div class=\"elementor-column elementor-col-100 elementor-top-column elementor-element elementor-element-5010db5 ot-flex-column-vertical\" data-id=\"5010db5\" data-element_type=\"column\">\n\t\t\t<div class=\"elementor-widget-wrap elementor-element-populated\">\n\t\t\t\t\t\t<div class=\"elementor-element elementor-element-d336f15 elementor-widget__width-initial elementor-widget elementor-widget-iaccordions\" data-id=\"d336f15\" data-element_type=\"widget\" data-widget_type=\"iaccordions.default\">\n\t\t\t\t<div class=\"elementor-widget-container\">\n\t\t\t\r\n\t\t<div class=\"ot-accordions\">\r\n\t\t\t\t\t\t<div class=\"acc-item\">\r\n\t\t\t\t<span class=\"acc-toggle\" data-default=\"yes\">De ce am nevoie de o licita\u021bie dac\u0103 vreau s\u0103 ob\u021bin pre\u021buri foarte rapid? <i class=\"down fas fa-caret-down\"><\/i><i class=\"up fas fa-caret-up\"><\/i><\/span>\r\n\t\t\t\t<div class=\"acc-content\">\r\n\t\t\t\t\t<p><span style=\"font-weight: 400;\">Licita\u021biile sunt create pentru a ob\u021bine cel mai mic pre\u021b posibil pentru anumite cereri. Profit\u00e2nd de licita\u021bii, cump\u0103r\u0103torul poate accesa solu\u021bii de stocare cu un cost \u00een medie cu 15% mai mic dec\u00e2t f\u0103r\u0103 licita\u021bii. Diferen\u021ba dintre pre\u021burile cu \u201elicita\u021bie\u201d \u0219i \u201ef\u0103r\u0103 licita\u021bie\u201d este de 2-3 zile. Dac\u0103 cump\u0103r\u0103torul declar\u0103 \u00een mod explicit c\u0103 nu dore\u0219te s\u0103 profite de licita\u021bie, atunci Proficircle poate oferi o baz\u0103 de cota\u021bie de pre\u021b primul venit, primul servit.\u00a0<\/span><\/p>\t\t\t\t<\/div>\r\n\t\t\t<\/div>\r\n\t\t\t\t\t\t<div class=\"acc-item\">\r\n\t\t\t\t<span class=\"acc-toggle\" data-default=\"\">Furnizorii v\u0103d cota\u021biile celorlal\u021bi? <i class=\"down fas fa-caret-down\"><\/i><i class=\"up fas fa-caret-up\"><\/i><\/span>\r\n\t\t\t\t<div class=\"acc-content\">\r\n\t\t\t\t\t<p><span style=\"font-weight: 400;\">To\u021bi furnizorii v\u0103d cota\u021biile live pentru proiectele la care particip\u0103. Singurele date care sunt moderate sunt numele concuren\u021bilor pe care \u00eei au \u00eentr-o anumit\u0103 licita\u021bie. \u00cen medie, \u00een timpul licita\u021biei, v\u00e2nz\u0103torii liciteaz\u0103 unul \u00eempotriva celuilalt de 5 ori \u0219i scad pre\u021bul cu p\u00e2n\u0103 la 15%.<\/span><\/p>\t\t\t\t<\/div>\r\n\t\t\t<\/div>\r\n\t\t\t\t\t\t<div class=\"acc-item\">\r\n\t\t\t\t<span class=\"acc-toggle\" data-default=\"\">C\u00e2t de repede livra\u021bi? <i class=\"down fas fa-caret-down\"><\/i><i class=\"up fas fa-caret-up\"><\/i><\/span>\r\n\t\t\t\t<div class=\"acc-content\">\r\n\t\t\t\t\t<p class=\" translation-block\">Proficircle v\u0103 permite s\u0103 decide\u021bi c\u00e2t de repede dori\u021bi s\u0103 fie livrat un proiect \u00eenc\u0103 de la \u00eenceput. Acest lucru ne ofer\u0103 o estimare a furnizorilor cei mai potrivi\u021bi pentru a fi invita\u021bi s\u0103 liciteze pentru proiectul dvs. Pentru clien\u021bii no\u0219tri recuren\u021bi am construit un program de livrare s\u0103pt\u0103m\u00e2nal. Pentru cump\u0103r\u0103torii unici, licita\u021bia le permite s\u0103 compare pre\u021buri \u0219i perioade de livrare \u0219i s\u0103 discute direct cu v\u00e2nz\u0103torii pentru a solicita un timp de produc\u021bie\/livrare mai rapid.<\/p>\t\t\t\t<\/div>\r\n\t\t\t<\/div>\r\n\t\t\t\t\t\t<div class=\"acc-item\">\r\n\t\t\t\t<span class=\"acc-toggle\" data-default=\"\">Proficircle este un dealer? <i class=\"down fas fa-caret-down\"><\/i><i class=\"up fas fa-caret-up\"><\/i><\/span>\r\n\t\t\t\t<div class=\"acc-content\">\r\n\t\t\t\t\t<p class=\" translation-block\"><span class=\"TextRun SCXW97174165 BCX9\" lang=\"EN-US\" xml:lang=\"EN-US\" data-contrast=\"none\"><span class=\"NormalTextRun SpellingErrorV2Themed SCXW97174165 BCX9\">Proficircle<\/span><span class=\"NormalTextRun SCXW97174165 BCX9\"> is<\/span><span class=\"NormalTextRun SCXW97174165 BCX9\"> the largest procurement platform for warehouse and retail equipment.<\/span> <span class=\"NormalTextRun SpellingErrorV2Themed SCXW97174165 BCX9\">Proficircle<\/span><span class=\"NormalTextRun SCXW97174165 BCX9\"> does<\/span><span class=\"NormalTextRun SCXW97174165 BCX9\"> not represent exclusively any producer or dealer<\/span><span class=\"NormalTextRun SCXW97174165 BCX9\">. <\/span><span class=\"NormalTextRun SpellingErrorV2Themed SCXW97174165 BCX9\">Proficircle<\/span><span class=\"NormalTextRun SCXW97174165 BCX9\"> is a digital network of local and international suppliers of warehouse, retail and logistics equipment and material handling where companies can request and buy free of charge.<\/span><\/span><span class=\"EOP SCXW97174165 BCX9\" data-ccp-props=\"{&quot;201341983&quot;:0,&quot;335559739&quot;:0,&quot;335559740&quot;:240}\">&nbsp;<\/span><\/p>\t\t\t\t<\/div>\r\n\t\t\t<\/div>\r\n\t\t\t\t\t\t<div class=\"acc-item\">\r\n\t\t\t\t<span class=\"acc-toggle\" data-default=\"\">Cine este v\u00e2nz\u0103torul dac\u0103 solicit prin Proficircle? <i class=\"down fas fa-caret-down\"><\/i><i class=\"up fas fa-caret-up\"><\/i><\/span>\r\n\t\t\t\t<div class=\"acc-content\">\r\n\t\t\t\t\t<p><span style=\"font-weight: 400;\">V\u00e2nz\u0103torul este c\u00e2\u0219tig\u0103torul pe care cump\u0103r\u0103torul \u00eel alege \u00eentre 3-5 oferte care sunt vizualizate prin intermediul tabelului comparativ. Este decizia cump\u0103r\u0103torului cine le va vinde echipamentul. Proficircle nu este v\u00e2nz\u0103torul \u00een aceast\u0103 tranzac\u021bie, dar la cererea cump\u0103r\u0103torului poate emite factura \u0219i poate fi parte intermediar\u0103. <\/span><\/p>\t\t\t\t<\/div>\r\n\t\t\t<\/div>\r\n\t\t\t\t\t\t<div class=\"acc-item\">\r\n\t\t\t\t<span class=\"acc-toggle\" data-default=\"\">Pot vorbi cu furnizorii odat\u0103 ce v\u0103d pre\u021burile? <i class=\"down fas fa-caret-down\"><\/i><i class=\"up fas fa-caret-up\"><\/i><\/span>\r\n\t\t\t\t<div class=\"acc-content\">\r\n\t\t\t\t\t<p class=\" translation-block\">Da, cump\u0103r\u0103torii pot vorbi cu to\u021bi furnizorii odat\u0103 ce primesc pre\u021burile \u00een tabelul comparativ. \u00cencuraj\u0103m transparen\u021ba \u0219i le permitem cump\u0103r\u0103torilor s\u0103 adreseze fiec\u0103rui v\u00e2nz\u0103tor orice \u00eentreb\u0103ri despre oferta lor.<\/p>\t\t\t\t<\/div>\r\n\t\t\t<\/div>\r\n\t\t\t\t\t\t<div class=\"acc-item\">\r\n\t\t\t\t<span class=\"acc-toggle\" data-default=\"\">Ce \u00eenseamn\u0103 o licita\u021bie? <i class=\"down fas fa-caret-down\"><\/i><i class=\"up fas fa-caret-up\"><\/i><\/span>\r\n\t\t\t\t<div class=\"acc-content\">\r\n\t\t\t\t\t<p><span style=\"font-weight: 400;\">Acesta este unul dintre avantajele platformei. Proficircle folose\u0219te licita\u021biile pentru a \u00eencuraja competitivitatea \u00een r\u00e2ndul furnizorilor care sunt dispu\u0219i s\u0103 ofere un pre\u021b. Au timp limitat pentru a licita unul \u00eempotriva celuilalt, \u00een timp ce scad pre\u021bul \u00een medie cu 15%. Apoi cele mai bune 3-5 pre\u021buri sunt vizualizate cump\u0103r\u0103torului. <\/span><\/p>\t\t\t\t<\/div>\r\n\t\t\t<\/div>\r\n\t\t\t\t\t\t<div class=\"acc-item\">\r\n\t\t\t\t<span class=\"acc-toggle\" data-default=\"\">Ce este un tabel comparativ? <i class=\"down fas fa-caret-down\"><\/i><i class=\"up fas fa-caret-up\"><\/i><\/span>\r\n\t\t\t\t<div class=\"acc-content\">\r\n\t\t\t\t\t<p><span style=\"font-weight: 400;\">Un tabel comparativ este locul \u00een care este vizualizat\u0103 fiecare ofert\u0103. Tabelul include numele v\u00e2nz\u0103torului, termenii de plat\u0103, informa\u021bii despre echipament, termenii de livrare, timpul de produc\u021bie, pre\u021bul \u0219i valabilitatea ofertei. \u00cen partea de sus a fiec\u0103rei oferte, fiecare cump\u0103r\u0103tor poate alege s\u0103 discute direct cu v\u00e2nz\u0103torul dac\u0103 exist\u0103 \u00eentreb\u0103ri f\u0103r\u0103 r\u0103spuns.<\/span><\/p>\t\t\t\t<\/div>\r\n\t\t\t<\/div>\r\n\t\t\t\t\t\t<div class=\"acc-item\">\r\n\t\t\t\t<span class=\"acc-toggle\" data-default=\"\">C\u00e2t de repede pot ob\u021bine primul pre\u021b? <i class=\"down fas fa-caret-down\"><\/i><i class=\"up fas fa-caret-up\"><\/i><\/span>\r\n\t\t\t\t<div class=\"acc-content\">\r\n\t\t\t\t\t<p><span style=\"font-weight: 400;\">\u00cen 48 de ore vi se va trimite primul pre\u021b. \u00cen func\u021bie de complexitatea proiectului, ob\u021binerea pre\u021burilor poate dura p\u00e2n\u0103 la o s\u0103pt\u0103m\u00e2n\u0103.<\/span><\/p>\t\t\t\t<\/div>\r\n\t\t\t<\/div>\r\n\t\t\t\t\t\t<div class=\"acc-item\">\r\n\t\t\t\t<span class=\"acc-toggle\" data-default=\"\">Trebuie s\u0103 fiu \u00eenregistrat ca s\u0103 pot cere o ofert\u0103? <i class=\"down fas fa-caret-down\"><\/i><i class=\"up fas fa-caret-up\"><\/i><\/span>\r\n\t\t\t\t<div class=\"acc-content\">\r\n\t\t\t\t\t<p class=\" translation-block\">Fiecare cump\u0103r\u0103tor \u00ee\u0219i poate solicita echipamentul f\u0103r\u0103 a fi nevoie de profil \u00een sistemul nostru. Cu toate acestea, pentru a putea examina pre\u021burile, a vorbi cu v\u00e2nz\u0103torii, a solicita modific\u0103ri, a alege \u00eentre alte servicii, cump\u0103r\u0103torul trebuie s\u0103 \u00ee\u0219i activeze contul \u0219i s\u0103 se conecteze la tabloul de bord.<\/p>\t\t\t\t<\/div>\r\n\t\t\t<\/div>\r\n\t\t\t\t\t\t<div class=\"acc-item\">\r\n\t\t\t\t<span class=\"acc-toggle\" data-default=\"\">De ce trebuie s\u0103 m\u0103 \u00eenregistrez ca s\u0103 pot solicita oferte? <i class=\"down fas fa-caret-down\"><\/i><i class=\"up fas fa-caret-up\"><\/i><\/span>\r\n\t\t\t\t<div class=\"acc-content\">\r\n\t\t\t\t\t<p class=\" translation-block\">Proficircle este construit cu inten\u021bia de a sprijini c\u0103l\u0103toria fiec\u0103rui cump\u0103r\u0103tor \u0219i de a simplifica procesul de luare a deciziilor \u0219i de achizi\u021bie. Cu fiecare \u00eenregistrare, Proficircle permite cump\u0103r\u0103torului s\u0103-\u0219i revizuiasc\u0103 cererea de proiect, s\u0103 fac\u0103 modific\u0103ri, s\u0103 adauge servicii, s\u0103 revizuiasc\u0103 pre\u021burile \u00een tabelul comparativ, s\u0103 discute cu furnizorii, s\u0103 decid\u0103 metoda de plat\u0103 \u0219i multe altele.<\/p>\t\t\t\t<\/div>\r\n\t\t\t<\/div>\r\n\t\t\t\t\t\t<div class=\"acc-item\">\r\n\t\t\t\t<span class=\"acc-toggle\" data-default=\"\">C\u00e2t timp dureaz\u0103 o licita\u021bie pentru a ob\u021bine pre\u021burile? <i class=\"down fas fa-caret-down\"><\/i><i class=\"up fas fa-caret-up\"><\/i><\/span>\r\n\t\t\t\t<div class=\"acc-content\">\r\n\t\t\t\t\t<p><span style=\"font-weight: 400;\">Fiecare licita\u021bie este diferit\u0103 \u0219i depinde de specificul proiectului. De obicei, pentru a ob\u021bine toate ofertele \u00eentr-un tabel comparativ, dureaz\u0103 \u00een medie 3-7 zile. Cu toate acestea, cump\u0103r\u0103torii primesc e-mail atunci c\u00e2nd o ofert\u0103 este \u00eenc\u0103rcat\u0103 \u0219i o pot revizui \u00eenainte de \u00eencheierea licita\u021biei. \u00cen cazul \u00een care nu vor s\u0103 mai a\u0219tepte \u2013 poate fi selectat un c\u00e2\u0219tig\u0103tor.<\/span><\/p>\t\t\t\t<\/div>\r\n\t\t\t<\/div>\r\n\t\t\t\t\t\t<div class=\"acc-item\">\r\n\t\t\t\t<span class=\"acc-toggle\" data-default=\"\">Exist\u0103 o valabilitate a pre\u021burilor? <i class=\"down fas fa-caret-down\"><\/i><i class=\"up fas fa-caret-up\"><\/i><\/span>\r\n\t\t\t\t<div class=\"acc-content\">\r\n\t\t\t\t\t<p><span style=\"font-weight: 400;\">Da, fiecare furnizor are propriile sale termeni \u0219i valabilitate per ofert\u0103. \u00cen func\u021bie de materialele \u0219i complexitatea proiectului, fiecare ofert\u0103 are o anumit\u0103 perioad\u0103 de timp \u00een care este valabil\u0103. Dac\u0103 cump\u0103r\u0103torul nu poate decide \u00eenainte de expirarea ofertei, poate solicita din nou.<\/span><\/p>\t\t\t\t<\/div>\r\n\t\t\t<\/div>\r\n\t\t\t\t    <\/div>\r\n\r\n\t    \t\t<\/div>\n\t\t\t\t<\/div>\n\t\t\t\t\t<\/div>\n\t\t<\/div>\n\t\t\t\t\t<\/div>\n\t\t<\/section>\n\t\t\t\t<\/div>","protected":false},"excerpt":{"rendered":"<p>ProfiCircle Knowledge base Why do I need an auction if I want prices very fast? Auctions are created to achieve the lowest possible price for certain request. By taking advantage of auctions, the buyer can access storage solutions with on average 15% less cost compared to without auctions. The difference between \u201cauction\u201d and \u201cno auction\u201d [&hellip;]<\/p>","protected":false},"author":3,"featured_media":0,"parent":0,"menu_order":0,"comment_status":"closed","ping_status":"closed","template":"","meta":{"footnotes":""},"aioseo_notices":[],"_links":{"self":[{"href":"https:\/\/www.laytech.ai\/ro\/wp-json\/wp\/v2\/pages\/21849"}],"collection":[{"href":"https:\/\/www.laytech.ai\/ro\/wp-json\/wp\/v2\/pages"}],"about":[{"href":"https:\/\/www.laytech.ai\/ro\/wp-json\/wp\/v2\/types\/page"}],"author":[{"embeddable":true,"href":"https:\/\/www.laytech.ai\/ro\/wp-json\/wp\/v2\/users\/3"}],"replies":[{"embeddable":true,"href":"https:\/\/www.laytech.ai\/ro\/wp-json\/wp\/v2\/comments?post=21849"}],"version-history":[{"count":4,"href":"https:\/\/www.laytech.ai\/ro\/wp-json\/wp\/v2\/pages\/21849\/revisions"}],"predecessor-version":[{"id":21853,"href":"https:\/\/www.laytech.ai\/ro\/wp-json\/wp\/v2\/pages\/21849\/revisions\/21853"}],"wp:attachment":[{"href":"https:\/\/www.laytech.ai\/ro\/wp-json\/wp\/v2\/media?parent=21849"}],"curies":[{"name":"wp","href":"https:\/\/api.w.org\/{rel}","templated":true}]}}